{"id":16,"date":"2018-11-12T13:23:41","date_gmt":"2018-11-12T13:23:41","guid":{"rendered":"http:\/\/pahne-schiemann.de\/?page_id=16"},"modified":"2025-04-10T19:31:51","modified_gmt":"2025-04-10T19:31:51","slug":"impressum","status":"publish","type":"page","link":"http:\/\/pahne-schiemann.de\/?page_id=16","title":{"rendered":"Impressum"},"content":{"rendered":"\t\t<div data-elementor-type=\"wp-post\" data-elementor-id=\"16\" class=\"elementor elementor-16\">\n\t\t\t\t\t\t<div class=\"elementor-inner\">\n\t\t\t\t<div class=\"elementor-section-wrap\">\n\t\t\t\t\t\t\t\t\t<section class=\"elementor-section elementor-top-section elementor-element elementor-element-617b3da7 elementor-section-boxed elementor-section-height-default elementor-section-height-default\" data-id=\"617b3da7\" data-element_type=\"section\">\n\t\t\t\t\t\t<div class=\"elementor-container elementor-column-gap-default\">\n\t\t\t\t\t\t\t<div class=\"elementor-row\">\n\t\t\t\t\t<div class=\"elementor-column elementor-col-100 elementor-top-column elementor-element elementor-element-59893be4\" data-id=\"59893be4\" data-element_type=\"column\">\n\t\t\t<div class=\"elementor-column-wrap elementor-element-populated\">\n\t\t\t\t\t\t\t<div class=\"elementor-widget-wrap\">\n\t\t\t\t\t\t<div class=\"elementor-element elementor-element-47895e81 elementor-widget elementor-widget-text-editor\" data-id=\"47895e81\" data-element_type=\"widget\" data-widget_type=\"text-editor.default\">\n\t\t\t\t<div class=\"elementor-widget-container\">\n\t\t\t\t\t\t\t\t<div class=\"elementor-text-editor elementor-clearfix\">\n\t\t\t\t<div class=\"textwidget\">\n<p>Pahne und Schiemann GbR<br>\nJ\u00f6rg Schiemann &amp; Andrea Pahne-Schiemann<br>\nDipl.-Designer<br>\nGeiststra\u00dfe 114<br>\n48151 M\u00fcnster<\/p>\n<p>Telefon 0251 797969<br>\ninfo@pahne-schiemann.de<br>\nwww.pahne-schiemann.de<\/p>\n<p>USt-IdNr. DE191919610<\/p><p>Bilder: Startseite shutterstock &amp; Tr\u00fcffelpix, alle anderen Pahne &amp; Schiemann<\/p>\n<\/div>\t\t\t\t\t<\/div>\n\t\t\t\t\t\t<\/div>\n\t\t\t\t<\/div>\n\t\t\t\t\t\t<\/div>\n\t\t\t\t\t<\/div>\n\t\t<\/div>\n\t\t\t\t\t\t\t\t<\/div>\n\t\t\t\t\t<\/div>\n\t\t<\/section>\n\t\t\t\t\t\t\t\t\t<\/div>\n\t\t\t<\/div>\n\t\t\t\t\t<\/div>\n\t\t","protected":false},"excerpt":{"rendered":"<p>Pahne und Schiemann GbR J\u00f6rg Schiemann &amp; Andrea Pahne-Schiemann Dipl.-Designer Geiststra\u00dfe 114 48151 M\u00fcnster Telefon 0251 797969 info@pahne-schiemann.de www.pahne-schiemann.de USt-IdNr. DE191919610 Bilder: Startseite shutterstock &amp; Tr\u00fcffelpix, alle anderen Pahne &amp; Schiemann<\/p>\n","protected":false},"author":1,"featured_media":0,"parent":9,"menu_order":0,"comment_status":"closed","ping_status":"closed","template":"","meta":[],"_links":{"self":[{"href":"http:\/\/pahne-schiemann.de\/index.php?rest_route=\/wp\/v2\/pages\/16"}],"collection":[{"href":"http:\/\/pahne-schiemann.de\/index.php?rest_route=\/wp\/v2\/pages"}],"about":[{"href":"http:\/\/pahne-schiemann.de\/index.php?rest_route=\/wp\/v2\/types\/page"}],"author":[{"embeddable":true,"href":"http:\/\/pahne-schiemann.de\/index.php?rest_route=\/wp\/v2\/users\/1"}],"replies":[{"embeddable":true,"href":"http:\/\/pahne-schiemann.de\/index.php?rest_route=%2Fwp%2Fv2%2Fcomments&post=16"}],"version-history":[{"count":5,"href":"http:\/\/pahne-schiemann.de\/index.php?rest_route=\/wp\/v2\/pages\/16\/revisions"}],"predecessor-version":[{"id":147,"href":"http:\/\/pahne-schiemann.de\/index.php?rest_route=\/wp\/v2\/pages\/16\/revisions\/147"}],"up":[{"embeddable":true,"href":"http:\/\/pahne-schiemann.de\/index.php?rest_route=\/wp\/v2\/pages\/9"}],"wp:attachment":[{"href":"http:\/\/pahne-schiemann.de\/index.php?rest_route=%2Fwp%2Fv2%2Fmedia&parent=16"}],"curies":[{"name":"wp","href":"https:\/\/api.w.org\/{rel}","templated":true}]}}