{"id":9,"date":"2018-11-10T20:02:14","date_gmt":"2018-11-10T20:02:14","guid":{"rendered":"http:\/\/pahne-schiemann.de\/?page_id=9"},"modified":"2025-04-10T19:35:05","modified_gmt":"2025-04-10T19:35:05","slug":"test","status":"publish","type":"page","link":"http:\/\/pahne-schiemann.de\/","title":{"rendered":""},"content":{"rendered":"\t\t<div data-elementor-type=\"wp-page\" data-elementor-id=\"9\" class=\"elementor elementor-9\">\n\t\t\t\t\t\t<div class=\"elementor-inner\">\n\t\t\t\t<div class=\"elementor-section-wrap\">\n\t\t\t\t\t\t\t\t\t<section class=\"elementor-section elementor-top-section elementor-element elementor-element-7e062fad elementor-section-boxed elementor-section-height-default elementor-section-height-default\" data-id=\"7e062fad\" data-element_type=\"section\">\n\t\t\t\t\t\t<div class=\"elementor-container elementor-column-gap-default\">\n\t\t\t\t\t\t\t<div class=\"elementor-row\">\n\t\t\t\t\t<div class=\"elementor-column elementor-col-100 elementor-top-column elementor-element elementor-element-3c89cc75\" data-id=\"3c89cc75\" data-element_type=\"column\">\n\t\t\t<div class=\"elementor-column-wrap elementor-element-populated\">\n\t\t\t\t\t\t\t<div class=\"elementor-widget-wrap\">\n\t\t\t\t\t\t<div class=\"elementor-element elementor-element-c3cf307 elementor-widget elementor-widget-spacer\" data-id=\"c3cf307\" data-element_type=\"widget\" data-widget_type=\"spacer.default\">\n\t\t\t\t<div class=\"elementor-widget-container\">\n\t\t\t\t\t<div class=\"elementor-spacer\">\n\t\t\t<div class=\"elementor-spacer-inner\"><\/div>\n\t\t<\/div>\n\t\t\t\t<\/div>\n\t\t\t\t<\/div>\n\t\t\t\t<div class=\"elementor-element elementor-element-3217953 elementor-widget__width-inherit elementor-widget elementor-widget-image\" data-id=\"3217953\" data-element_type=\"widget\" data-widget_type=\"image.default\">\n\t\t\t\t<div class=\"elementor-widget-container\">\n\t\t\t\t\t\t\t\t<div class=\"elementor-image\">\n\t\t\t\t\t\t\t\t\t\t\t\t<img src=\"http:\/\/pahne-schiemann.de\/wp-content\/uploads\/elementor\/thumbs\/shutterstock_2487487003_Start-Header_Web-1-scaled-r460gcviwbji26brtc1niqhvqlp0qklst4yog55acm.jpg\" title=\"shutterstock_2487487003_Start-Header_Web\" alt=\"shutterstock_2487487003_Start-Header_Web\" \/>\t\t\t\t\t\t\t\t\t\t\t\t\t\t<\/div>\n\t\t\t\t\t\t<\/div>\n\t\t\t\t<\/div>\n\t\t\t\t<div class=\"elementor-element elementor-element-cfdbf62 elementor-widget elementor-widget-text-editor\" data-id=\"cfdbf62\" data-element_type=\"widget\" data-widget_type=\"text-editor.default\">\n\t\t\t\t<div class=\"elementor-widget-container\">\n\t\t\t\t\t\t\t\t<div class=\"elementor-text-editor elementor-clearfix\">\n\t\t\t\t<div class=\"policy-text\"><div class=\"wp-suggested-text hide-privacy-policy-tutorial\"><p class=\"uk-width-1-1\">Wir sind ein inhabergef\u00fchrtes Designb\u00fcro \u2013 seit 1995 in M\u00fcnster.<br \/>Diese Seite wird gerade neu aufgesetzt und in der n\u00e4chsten Zeit kontinuierlich erweitert.<br \/>Schauen Sie doch ab und zu wieder vorbei.<\/p><\/div><\/div><div>Hier k\u00f6nnen\u00a0Sie uns erreichen:<\/div><div><p>Telefon: 0251 797969<\/p><\/div><p>info@pahne-schiemann.de<\/p><p>Andrea Pahne-Schiemann &amp; J\u00f6rg Schiemann<\/p>\t\t\t\t\t<\/div>\n\t\t\t\t\t\t<\/div>\n\t\t\t\t<\/div>\n\t\t\t\t\t\t<\/div>\n\t\t\t\t\t<\/div>\n\t\t<\/div>\n\t\t\t\t\t\t\t\t<\/div>\n\t\t\t\t\t<\/div>\n\t\t<\/section>\n\t\t\t\t\t\t\t\t\t<\/div>\n\t\t\t<\/div>\n\t\t\t\t\t<\/div>\n\t\t","protected":false},"excerpt":{"rendered":"<p>Wir sind ein inhabergef\u00fchrtes Designb\u00fcro \u2013 seit 1995 in M\u00fcnster.Diese Seite wird gerade neu aufgesetzt und in der n\u00e4chsten Zeit kontinuierlich erweitert.Schauen Sie doch ab und zu wieder vorbei. Hier k\u00f6nnen\u00a0Sie uns erreichen: Telefon: 0251 797969 info@pahne-schiemann.de Andrea Pahne-Schiemann &amp; J\u00f6rg Schiemann<\/p>\n","protected":false},"author":1,"featured_media":0,"parent":0,"menu_order":0,"comment_status":"closed","ping_status":"closed","template":"","meta":[],"_links":{"self":[{"href":"http:\/\/pahne-schiemann.de\/index.php?rest_route=\/wp\/v2\/pages\/9"}],"collection":[{"href":"http:\/\/pahne-schiemann.de\/index.php?rest_route=\/wp\/v2\/pages"}],"about":[{"href":"http:\/\/pahne-schiemann.de\/index.php?rest_route=\/wp\/v2\/types\/page"}],"author":[{"embeddable":true,"href":"http:\/\/pahne-schiemann.de\/index.php?rest_route=\/wp\/v2\/users\/1"}],"replies":[{"embeddable":true,"href":"http:\/\/pahne-schiemann.de\/index.php?rest_route=%2Fwp%2Fv2%2Fcomments&post=9"}],"version-history":[{"count":35,"href":"http:\/\/pahne-schiemann.de\/index.php?rest_route=\/wp\/v2\/pages\/9\/revisions"}],"predecessor-version":[{"id":150,"href":"http:\/\/pahne-schiemann.de\/index.php?rest_route=\/wp\/v2\/pages\/9\/revisions\/150"}],"wp:attachment":[{"href":"http:\/\/pahne-schiemann.de\/index.php?rest_route=%2Fwp%2Fv2%2Fmedia&parent=9"}],"curies":[{"name":"wp","href":"https:\/\/api.w.org\/{rel}","templated":true}]}}